{"id":12,"date":"2023-11-05T20:12:08","date_gmt":"2023-11-05T19:12:08","guid":{"rendered":"https:\/\/www.xn--twng-moa.com\/?page_id=12"},"modified":"2026-04-19T09:38:25","modified_gmt":"2026-04-19T07:38:25","slug":"welcome","status":"publish","type":"page","link":"https:\/\/www.tw\u00e4ng.com\/","title":{"rendered":"Welcome"},"content":{"rendered":"\n<p><strong>TW\u00c4NG \u2013 Ihre Adresse f\u00fcr alles rund um die Gitarre<\/strong><\/p>\n\n\n\n<p>rchopard \u00e4t gmx.ch \/ 076 209 45 00<br><br>Ob Gitarrenunterricht, entspanntes St\u00f6bern in einem echten Brick-&amp;-Mortar-Shop oder einfach die Leidenschaft f\u00fcr Musik \u2013 bei TW\u00c4NG sind Sie genau richtig.<\/p>\n\n\n\n<p>Unser Shop mit integriertem Unterrichtsraum befindet sich an der Industriestrasse 3 in 4543 Deitingen, im Geb\u00e4ude der Cleantech Businesspark AG (Untergeschoss). Direkt vor dem Haus stehen Ihnen ausreichend Parkpl\u00e4tze zur Verf\u00fcgung.<\/p>\n\n\n\n<div class=\"wp-block-columns is-layout-flex wp-container-core-columns-is-layout-9d6595d7 wp-block-columns-is-layout-flex\">\n<div class=\"wp-block-column is-layout-flow wp-block-column-is-layout-flow\">\n<figure class=\"wp-block-gallery has-nested-images columns-default is-cropped wp-block-gallery-1 is-layout-flex wp-block-gallery-is-layout-flex\">\n<figure class=\"wp-block-image size-large\"><img loading=\"lazy\" decoding=\"async\" width=\"1024\" height=\"803\" data-id=\"506\" src=\"https:\/\/www.tw\u00e4ng.com\/wp-content\/uploads\/2026\/04\/CHUCK-berry-mit-schrift-gitarrenschule-1024x803.png\" alt=\"\" class=\"wp-image-506\" srcset=\"https:\/\/www.tw\u00e4ng.com\/wp-content\/uploads\/2026\/04\/CHUCK-berry-mit-schrift-gitarrenschule-1024x803.png 1024w, https:\/\/www.tw\u00e4ng.com\/wp-content\/uploads\/2026\/04\/CHUCK-berry-mit-schrift-gitarrenschule-300x235.png 300w, https:\/\/www.tw\u00e4ng.com\/wp-content\/uploads\/2026\/04\/CHUCK-berry-mit-schrift-gitarrenschule-768x603.png 768w, https:\/\/www.tw\u00e4ng.com\/wp-content\/uploads\/2026\/04\/CHUCK-berry-mit-schrift-gitarrenschule-382x300.png 382w, https:\/\/www.tw\u00e4ng.com\/wp-content\/uploads\/2026\/04\/CHUCK-berry-mit-schrift-gitarrenschule.png 1416w\" sizes=\"auto, (max-width: 1024px) 100vw, 1024px\" \/><\/figure>\n<\/figure>\n<\/div>\n\n\n\n<div class=\"wp-block-column is-layout-flow wp-block-column-is-layout-flow\">\n<figure class=\"wp-block-gallery has-nested-images columns-default is-cropped wp-block-gallery-2 is-layout-flex wp-block-gallery-is-layout-flex\">\n<figure class=\"wp-block-image size-full\"><img loading=\"lazy\" decoding=\"async\" width=\"886\" height=\"695\" data-id=\"510\" src=\"https:\/\/www.tw\u00e4ng.com\/wp-content\/uploads\/2026\/04\/shop-auswahl-bild-dreiergruppe-98.jpg\" alt=\"\" class=\"wp-image-510\" srcset=\"https:\/\/www.tw\u00e4ng.com\/wp-content\/uploads\/2026\/04\/shop-auswahl-bild-dreiergruppe-98.jpg 886w, https:\/\/www.tw\u00e4ng.com\/wp-content\/uploads\/2026\/04\/shop-auswahl-bild-dreiergruppe-98-300x235.jpg 300w, https:\/\/www.tw\u00e4ng.com\/wp-content\/uploads\/2026\/04\/shop-auswahl-bild-dreiergruppe-98-768x602.jpg 768w, https:\/\/www.tw\u00e4ng.com\/wp-content\/uploads\/2026\/04\/shop-auswahl-bild-dreiergruppe-98-382x300.jpg 382w\" sizes=\"auto, (max-width: 886px) 100vw, 886px\" \/><\/figure>\n<\/figure>\n<\/div>\n\n\n\n<div class=\"wp-block-column is-layout-flow wp-block-column-is-layout-flow\">\n<figure class=\"wp-block-gallery has-nested-images columns-default is-cropped wp-block-gallery-3 is-layout-flex wp-block-gallery-is-layout-flex\">\n<figure class=\"wp-block-image size-large\"><img loading=\"lazy\" decoding=\"async\" width=\"1024\" height=\"803\" data-id=\"513\" src=\"https:\/\/www.tw\u00e4ng.com\/wp-content\/uploads\/2026\/04\/dreier-gruppe-service-and-upgrades-1-1024x803.png\" alt=\"\" class=\"wp-image-513\" srcset=\"https:\/\/www.tw\u00e4ng.com\/wp-content\/uploads\/2026\/04\/dreier-gruppe-service-and-upgrades-1-1024x803.png 1024w, https:\/\/www.tw\u00e4ng.com\/wp-content\/uploads\/2026\/04\/dreier-gruppe-service-and-upgrades-1-300x235.png 300w, https:\/\/www.tw\u00e4ng.com\/wp-content\/uploads\/2026\/04\/dreier-gruppe-service-and-upgrades-1-768x603.png 768w, https:\/\/www.tw\u00e4ng.com\/wp-content\/uploads\/2026\/04\/dreier-gruppe-service-and-upgrades-1-382x300.png 382w, https:\/\/www.tw\u00e4ng.com\/wp-content\/uploads\/2026\/04\/dreier-gruppe-service-and-upgrades-1.png 1416w\" sizes=\"auto, (max-width: 1024px) 100vw, 1024px\" \/><\/figure>\n<\/figure>\n<\/div>\n<\/div>\n\n\n\n<p><strong><a href=\"https:\/\/www.gitarrenunterricht-solothurn.ch\" data-type=\"page\" data-id=\"446\" target=\"_blank\" rel=\"noreferrer noopener\">Gitarrenschule<\/a><\/strong><br>Herzlich Willkommen! ich w\u00fcrde mich freuen, dich als n\u00e4chste(n) Sch\u00fcler\/in begr\u00fcssen zu d\u00fcrfen! Nach ein paar Lektionen wirst du schon die ersten Songs begleiten k\u00f6nnen. Sag mir deine musikalischen Ziele und ich helfe dir, deinen Weg zu gehen. Es ist mir wichtig, was du spielen willst! Profitiere von meiner langj\u00e4hrigen musikalischen Erfahrung, sei als Bandmember in verschiedenen Formationen, als Musik-Teacher oder in technischen Fragen, was die Gitarre betrifft.<br><br><strong><a href=\"https:\/\/www.tw\u00e4ng.com\/?page_id=531\" data-type=\"page\" data-id=\"531\">Shop und zwar ein richtiger Brick-Shop<\/a><\/strong><br>Willkommen bei uns. Wir testen im Moment die Zeiten aus und deshalb k\u00f6nnen sie den Shop jederzeit nach einem Ank\u00fcndigungs-Chat oder -SMS besuchen innerhalb folgenden Zeiten: <br><br>Di 13.00 Uhr bis 20.00 Uhr<br>Mi 13.00 Uhr bis 20.00 Uhr<br>Do 13.00 Uhr bis 20.00 Uhr <br>Sa 12.00 Uhr bis 15.00 Uhr<\/p>\n\n\n\n<p>Falls ich gerade unterrichte, so finden wir eine Zeits danach oder davor. Nimmt die Besucherzahl zu, so werden feste Zeiten eingerichtet ohne Voranmeldung.<\/p>\n\n\n\n<p><strong><a href=\"https:\/\/www.tw\u00e4ng.com\/?page_id=28\" data-type=\"page\" data-id=\"28\">Bau, Service und Upgrades<\/a><\/strong><br>Nein, wir basteln nicht an ihrem teuren Fender- oder Gibson-Sch\u00e4tzchen rum, denn wir lieben es aus &#171;Schrott-Gitarren&#187; etwas Cooles zu machen. Der Service machen wir jedoch f\u00fcr alle Marken. Vieflach bedarf es nur einer kleiner Aenderung an den Einstellungen. Kommen sie doch vorbei, sehen sie sich die Gitarren an die wir gebaut oder gepimpt haben. <br><\/p>\n\n\n\n<p>MIRAGE-NOIR der coole Rahmen f\u00fcr TW\u00c4NG!<\/p>\n\n\n\n<p>TW\u00c4NG ist Teil der einzigartigen Eventlocation <em><a href=\"https:\/\/www.miragenoir.ch\" data-type=\"page\" data-id=\"449\" target=\"_blank\" rel=\"noreferrer noopener\">Mirage Noir<\/a><\/em> \u2013 mit Kino, Gaming Room, Western-Room, Lounge und stilvoller Bar. Schauen Sie vorbei, geniessen Sie einen Drink und lassen Sie sich inspirieren.<\/p>\n\n\n\n<div class=\"wp-block-columns is-layout-flex wp-container-core-columns-is-layout-9d6595d7 wp-block-columns-is-layout-flex\">\n<div class=\"wp-block-column is-layout-flow wp-block-column-is-layout-flow\">\n<figure class=\"wp-block-image size-large\"><img loading=\"lazy\" decoding=\"async\" width=\"1024\" height=\"768\" src=\"https:\/\/www.tw\u00e4ng.com\/wp-content\/uploads\/2026\/03\/bild-3-1024x768.jpg\" alt=\"\" class=\"wp-image-489\" srcset=\"https:\/\/www.tw\u00e4ng.com\/wp-content\/uploads\/2026\/03\/bild-3-1024x768.jpg 1024w, https:\/\/www.tw\u00e4ng.com\/wp-content\/uploads\/2026\/03\/bild-3-300x225.jpg 300w, https:\/\/www.tw\u00e4ng.com\/wp-content\/uploads\/2026\/03\/bild-3-768x576.jpg 768w, https:\/\/www.tw\u00e4ng.com\/wp-content\/uploads\/2026\/03\/bild-3-1536x1152.jpg 1536w, https:\/\/www.tw\u00e4ng.com\/wp-content\/uploads\/2026\/03\/bild-3-400x300.jpg 400w, https:\/\/www.tw\u00e4ng.com\/wp-content\/uploads\/2026\/03\/bild-3.jpg 1600w\" sizes=\"auto, (max-width: 1024px) 100vw, 1024px\" \/><\/figure>\n<\/div>\n\n\n\n<div class=\"wp-block-column is-layout-flow wp-block-column-is-layout-flow\">\n<figure class=\"wp-block-image size-large\"><img loading=\"lazy\" decoding=\"async\" width=\"1024\" height=\"768\" src=\"https:\/\/www.tw\u00e4ng.com\/wp-content\/uploads\/2026\/03\/bild-13-kino-1024x768.jpg\" alt=\"\" class=\"wp-image-490\" srcset=\"https:\/\/www.tw\u00e4ng.com\/wp-content\/uploads\/2026\/03\/bild-13-kino-1024x768.jpg 1024w, https:\/\/www.tw\u00e4ng.com\/wp-content\/uploads\/2026\/03\/bild-13-kino-300x225.jpg 300w, https:\/\/www.tw\u00e4ng.com\/wp-content\/uploads\/2026\/03\/bild-13-kino-768x576.jpg 768w, https:\/\/www.tw\u00e4ng.com\/wp-content\/uploads\/2026\/03\/bild-13-kino-1536x1152.jpg 1536w, https:\/\/www.tw\u00e4ng.com\/wp-content\/uploads\/2026\/03\/bild-13-kino-400x300.jpg 400w, https:\/\/www.tw\u00e4ng.com\/wp-content\/uploads\/2026\/03\/bild-13-kino.jpg 1600w\" sizes=\"auto, (max-width: 1024px) 100vw, 1024px\" \/><\/figure>\n<\/div>\n\n\n\n<div class=\"wp-block-column is-layout-flow wp-block-column-is-layout-flow\">\n<figure class=\"wp-block-image size-large\"><img loading=\"lazy\" decoding=\"async\" width=\"1024\" height=\"768\" src=\"https:\/\/www.tw\u00e4ng.com\/wp-content\/uploads\/2026\/03\/Bild-1--1024x768.jpg\" alt=\"\" class=\"wp-image-491\" srcset=\"https:\/\/www.tw\u00e4ng.com\/wp-content\/uploads\/2026\/03\/Bild-1--1024x768.jpg 1024w, https:\/\/www.tw\u00e4ng.com\/wp-content\/uploads\/2026\/03\/Bild-1--300x225.jpg 300w, https:\/\/www.tw\u00e4ng.com\/wp-content\/uploads\/2026\/03\/Bild-1--768x576.jpg 768w, https:\/\/www.tw\u00e4ng.com\/wp-content\/uploads\/2026\/03\/Bild-1--1536x1152.jpg 1536w, https:\/\/www.tw\u00e4ng.com\/wp-content\/uploads\/2026\/03\/Bild-1--400x300.jpg 400w, https:\/\/www.tw\u00e4ng.com\/wp-content\/uploads\/2026\/03\/Bild-1-.jpg 1600w\" sizes=\"auto, (max-width: 1024px) 100vw, 1024px\" \/><\/figure>\n<\/div>\n<\/div>\n\n\n\n<p>Zus\u00e4tzlich fertigen wir individuelle Gitarren mit einzigartigen Finishes \u2013 von Folie \u00fcber Lack bis hin zu Beize. Selbstverst\u00e4ndlich k\u00fcmmern wir uns auch um die professionelle Einstellung und Optimierung Ihres Instruments.<\/p>\n\n\n\n<p><\/p>\n\n\n\n<div class=\"wp-block-columns is-layout-flex wp-container-core-columns-is-layout-9d6595d7 wp-block-columns-is-layout-flex\">\n<div class=\"wp-block-column is-layout-flow wp-block-column-is-layout-flow\"><\/div>\n\n\n\n<div class=\"wp-block-column is-layout-flow wp-block-column-is-layout-flow\"><\/div>\n<\/div>\n\n\n\n<p><\/p>\n\n\n\n<figure class=\"wp-block-gallery has-nested-images columns-default is-cropped wp-block-gallery-4 is-layout-flex wp-block-gallery-is-layout-flex\"><\/figure>\n","protected":false},"excerpt":{"rendered":"<p>TW\u00c4NG \u2013 Ihre Adresse f\u00fcr alles rund um die Gitarre rchopard \u00e4t gmx.ch \/ 076 209 45 00 Ob Gitarrenunterricht, entspanntes St\u00f6bern in einem echten Brick-&amp;-Mortar-Shop oder einfach die Leidenschaft f\u00fcr Musik \u2013 bei TW\u00c4NG sind Sie genau richtig. Unser &hellip; <a href=\"https:\/\/www.tw\u00e4ng.com\/\">Weiterlesen <span class=\"meta-nav\">&rarr;<\/span><\/a><\/p>\n","protected":false},"author":1,"featured_media":0,"parent":0,"menu_order":0,"comment_status":"closed","ping_status":"open","template":"","meta":{"footnotes":""},"class_list":["post-12","page","type-page","status-publish","hentry"],"_links":{"self":[{"href":"https:\/\/www.tw\u00e4ng.com\/index.php?rest_route=\/wp\/v2\/pages\/12","targetHints":{"allow":["GET"]}}],"collection":[{"href":"https:\/\/www.tw\u00e4ng.com\/index.php?rest_route=\/wp\/v2\/pages"}],"about":[{"href":"https:\/\/www.tw\u00e4ng.com\/index.php?rest_route=\/wp\/v2\/types\/page"}],"author":[{"embeddable":true,"href":"https:\/\/www.tw\u00e4ng.com\/index.php?rest_route=\/wp\/v2\/users\/1"}],"replies":[{"embeddable":true,"href":"https:\/\/www.tw\u00e4ng.com\/index.php?rest_route=%2Fwp%2Fv2%2Fcomments&post=12"}],"version-history":[{"count":67,"href":"https:\/\/www.tw\u00e4ng.com\/index.php?rest_route=\/wp\/v2\/pages\/12\/revisions"}],"predecessor-version":[{"id":544,"href":"https:\/\/www.tw\u00e4ng.com\/index.php?rest_route=\/wp\/v2\/pages\/12\/revisions\/544"}],"wp:attachment":[{"href":"https:\/\/www.tw\u00e4ng.com\/index.php?rest_route=%2Fwp%2Fv2%2Fmedia&parent=12"}],"curies":[{"name":"wp","href":"https:\/\/api.w.org\/{rel}","templated":true}]}}