{"id":531,"date":"2026-04-19T09:04:01","date_gmt":"2026-04-19T07:04:01","guid":{"rendered":"https:\/\/www.tw\u00e4ng.com\/?page_id=531"},"modified":"2026-04-19T09:36:00","modified_gmt":"2026-04-19T07:36:00","slug":"shop","status":"publish","type":"page","link":"https:\/\/www.tw\u00e4ng.com\/?page_id=531","title":{"rendered":"Shop"},"content":{"rendered":"\n<p>Herzlich Willkommen! ich w\u00fcrde mich freuen, dich als n\u00e4chste(n) Sch\u00fcler\/in begr\u00fcssen zu d\u00fcrfen! Nach ein paar Lektionen wirst du schon die ersten Songs begleiten k\u00f6nnen. Sag mir deine musikalischen Ziele und ich helfe dir, deinen Weg zu gehen. Es ist mir wichtig, was du spielen willst! Profitiere von meiner langj\u00e4hrigen musikalischen Erfahrung, sei als Bandmember in verschiedenen Formationen, als Musik-Teacher oder in technischen Fragen, was die Gitarre betrifft.<\/p>\n\n\n\n<div class=\"wp-block-columns is-layout-flex wp-container-core-columns-is-layout-9d6595d7 wp-block-columns-is-layout-flex\">\n<div class=\"wp-block-column is-layout-flow wp-block-column-is-layout-flow\">\n<figure class=\"wp-block-image size-large\"><img loading=\"lazy\" decoding=\"async\" width=\"1024\" height=\"768\" src=\"https:\/\/www.tw\u00e4ng.com\/wp-content\/uploads\/2026\/04\/bild-7-the-main-1024x768.jpg\" alt=\"\" class=\"wp-image-532\" srcset=\"https:\/\/www.tw\u00e4ng.com\/wp-content\/uploads\/2026\/04\/bild-7-the-main-1024x768.jpg 1024w, https:\/\/www.tw\u00e4ng.com\/wp-content\/uploads\/2026\/04\/bild-7-the-main-300x225.jpg 300w, https:\/\/www.tw\u00e4ng.com\/wp-content\/uploads\/2026\/04\/bild-7-the-main-768x576.jpg 768w, https:\/\/www.tw\u00e4ng.com\/wp-content\/uploads\/2026\/04\/bild-7-the-main-1536x1152.jpg 1536w, https:\/\/www.tw\u00e4ng.com\/wp-content\/uploads\/2026\/04\/bild-7-the-main-400x300.jpg 400w, https:\/\/www.tw\u00e4ng.com\/wp-content\/uploads\/2026\/04\/bild-7-the-main.jpg 2040w\" sizes=\"auto, (max-width: 1024px) 100vw, 1024px\" \/><\/figure>\n<\/div>\n\n\n\n<div class=\"wp-block-column is-layout-flow wp-block-column-is-layout-flow\">\n<figure class=\"wp-block-image size-large\"><img loading=\"lazy\" decoding=\"async\" width=\"1024\" height=\"768\" src=\"https:\/\/www.tw\u00e4ng.com\/wp-content\/uploads\/2026\/04\/gitarrenwand-1024x768.jpg\" alt=\"\" class=\"wp-image-533\" srcset=\"https:\/\/www.tw\u00e4ng.com\/wp-content\/uploads\/2026\/04\/gitarrenwand-1024x768.jpg 1024w, https:\/\/www.tw\u00e4ng.com\/wp-content\/uploads\/2026\/04\/gitarrenwand-300x225.jpg 300w, https:\/\/www.tw\u00e4ng.com\/wp-content\/uploads\/2026\/04\/gitarrenwand-768x576.jpg 768w, https:\/\/www.tw\u00e4ng.com\/wp-content\/uploads\/2026\/04\/gitarrenwand-1536x1152.jpg 1536w, https:\/\/www.tw\u00e4ng.com\/wp-content\/uploads\/2026\/04\/gitarrenwand-2048x1536.jpg 2048w, https:\/\/www.tw\u00e4ng.com\/wp-content\/uploads\/2026\/04\/gitarrenwand-400x300.jpg 400w\" sizes=\"auto, (max-width: 1024px) 100vw, 1024px\" \/><\/figure>\n<\/div>\n<\/div>\n\n\n\n<div class=\"wp-block-columns is-layout-flex wp-container-core-columns-is-layout-9d6595d7 wp-block-columns-is-layout-flex\">\n<div class=\"wp-block-column is-layout-flow wp-block-column-is-layout-flow\">\n<figure class=\"wp-block-image size-large\"><img loading=\"lazy\" decoding=\"async\" width=\"1024\" height=\"768\" src=\"https:\/\/www.tw\u00e4ng.com\/wp-content\/uploads\/2026\/04\/twaeng-ladenbild-1024x768.jpeg\" alt=\"\" class=\"wp-image-537\" srcset=\"https:\/\/www.tw\u00e4ng.com\/wp-content\/uploads\/2026\/04\/twaeng-ladenbild-1024x768.jpeg 1024w, https:\/\/www.tw\u00e4ng.com\/wp-content\/uploads\/2026\/04\/twaeng-ladenbild-300x225.jpeg 300w, https:\/\/www.tw\u00e4ng.com\/wp-content\/uploads\/2026\/04\/twaeng-ladenbild-768x576.jpeg 768w, https:\/\/www.tw\u00e4ng.com\/wp-content\/uploads\/2026\/04\/twaeng-ladenbild-1536x1152.jpeg 1536w, https:\/\/www.tw\u00e4ng.com\/wp-content\/uploads\/2026\/04\/twaeng-ladenbild-400x300.jpeg 400w, https:\/\/www.tw\u00e4ng.com\/wp-content\/uploads\/2026\/04\/twaeng-ladenbild.jpeg 2040w\" sizes=\"auto, (max-width: 1024px) 100vw, 1024px\" \/><\/figure>\n<\/div>\n\n\n\n<div class=\"wp-block-column is-layout-flow wp-block-column-is-layout-flow\">\n<figure class=\"wp-block-image size-large\"><img loading=\"lazy\" decoding=\"async\" width=\"1024\" height=\"768\" src=\"https:\/\/www.tw\u00e4ng.com\/wp-content\/uploads\/2026\/04\/twaeng-ladenbild-2-1024x768.jpeg\" alt=\"\" class=\"wp-image-538\" srcset=\"https:\/\/www.tw\u00e4ng.com\/wp-content\/uploads\/2026\/04\/twaeng-ladenbild-2-1024x768.jpeg 1024w, https:\/\/www.tw\u00e4ng.com\/wp-content\/uploads\/2026\/04\/twaeng-ladenbild-2-300x225.jpeg 300w, https:\/\/www.tw\u00e4ng.com\/wp-content\/uploads\/2026\/04\/twaeng-ladenbild-2-768x576.jpeg 768w, https:\/\/www.tw\u00e4ng.com\/wp-content\/uploads\/2026\/04\/twaeng-ladenbild-2-1536x1152.jpeg 1536w, https:\/\/www.tw\u00e4ng.com\/wp-content\/uploads\/2026\/04\/twaeng-ladenbild-2-400x300.jpeg 400w, https:\/\/www.tw\u00e4ng.com\/wp-content\/uploads\/2026\/04\/twaeng-ladenbild-2.jpeg 1600w\" sizes=\"auto, (max-width: 1024px) 100vw, 1024px\" \/><\/figure>\n<\/div>\n<\/div>\n\n\n\n<div class=\"wp-block-columns is-layout-flex wp-container-core-columns-is-layout-9d6595d7 wp-block-columns-is-layout-flex\">\n<div class=\"wp-block-column is-layout-flow wp-block-column-is-layout-flow\">\n<figure class=\"wp-block-image size-large\"><img loading=\"lazy\" decoding=\"async\" width=\"1024\" height=\"768\" src=\"https:\/\/www.tw\u00e4ng.com\/wp-content\/uploads\/2026\/04\/uk-guitar-1024x768.jpeg\" alt=\"\" class=\"wp-image-540\" srcset=\"https:\/\/www.tw\u00e4ng.com\/wp-content\/uploads\/2026\/04\/uk-guitar-1024x768.jpeg 1024w, https:\/\/www.tw\u00e4ng.com\/wp-content\/uploads\/2026\/04\/uk-guitar-300x225.jpeg 300w, https:\/\/www.tw\u00e4ng.com\/wp-content\/uploads\/2026\/04\/uk-guitar-768x576.jpeg 768w, https:\/\/www.tw\u00e4ng.com\/wp-content\/uploads\/2026\/04\/uk-guitar-1536x1152.jpeg 1536w, https:\/\/www.tw\u00e4ng.com\/wp-content\/uploads\/2026\/04\/uk-guitar-400x300.jpeg 400w, https:\/\/www.tw\u00e4ng.com\/wp-content\/uploads\/2026\/04\/uk-guitar.jpeg 1600w\" sizes=\"auto, (max-width: 1024px) 100vw, 1024px\" \/><\/figure>\n<\/div>\n\n\n\n<div class=\"wp-block-column is-layout-flow wp-block-column-is-layout-flow\">\n<figure class=\"wp-block-image size-large\"><img loading=\"lazy\" decoding=\"async\" width=\"768\" height=\"1024\" src=\"https:\/\/www.tw\u00e4ng.com\/wp-content\/uploads\/2026\/04\/guitar-manga-768x1024.jpeg\" alt=\"\" class=\"wp-image-541\" srcset=\"https:\/\/www.tw\u00e4ng.com\/wp-content\/uploads\/2026\/04\/guitar-manga-768x1024.jpeg 768w, https:\/\/www.tw\u00e4ng.com\/wp-content\/uploads\/2026\/04\/guitar-manga-225x300.jpeg 225w, https:\/\/www.tw\u00e4ng.com\/wp-content\/uploads\/2026\/04\/guitar-manga-1152x1536.jpeg 1152w, https:\/\/www.tw\u00e4ng.com\/wp-content\/uploads\/2026\/04\/guitar-manga-300x400.jpeg 300w, https:\/\/www.tw\u00e4ng.com\/wp-content\/uploads\/2026\/04\/guitar-manga.jpeg 1200w\" sizes=\"auto, (max-width: 768px) 100vw, 768px\" \/><\/figure>\n<\/div>\n<\/div>\n","protected":false},"excerpt":{"rendered":"<p>Herzlich Willkommen! ich w\u00fcrde mich freuen, dich als n\u00e4chste(n) Sch\u00fcler\/in begr\u00fcssen zu d\u00fcrfen! Nach ein paar Lektionen wirst du schon die ersten Songs begleiten k\u00f6nnen. Sag mir deine musikalischen Ziele und ich helfe dir, deinen Weg zu gehen. Es ist &hellip; <a href=\"https:\/\/www.tw\u00e4ng.com\/?page_id=531\">Weiterlesen <span class=\"meta-nav\">&rarr;<\/span><\/a><\/p>\n","protected":false},"author":1,"featured_media":0,"parent":0,"menu_order":0,"comment_status":"closed","ping_status":"closed","template":"","meta":{"footnotes":""},"class_list":["post-531","page","type-page","status-publish","hentry"],"_links":{"self":[{"href":"https:\/\/www.tw\u00e4ng.com\/index.php?rest_route=\/wp\/v2\/pages\/531","targetHints":{"allow":["GET"]}}],"collection":[{"href":"https:\/\/www.tw\u00e4ng.com\/index.php?rest_route=\/wp\/v2\/pages"}],"about":[{"href":"https:\/\/www.tw\u00e4ng.com\/index.php?rest_route=\/wp\/v2\/types\/page"}],"author":[{"embeddable":true,"href":"https:\/\/www.tw\u00e4ng.com\/index.php?rest_route=\/wp\/v2\/users\/1"}],"replies":[{"embeddable":true,"href":"https:\/\/www.tw\u00e4ng.com\/index.php?rest_route=%2Fwp%2Fv2%2Fcomments&post=531"}],"version-history":[{"count":3,"href":"https:\/\/www.tw\u00e4ng.com\/index.php?rest_route=\/wp\/v2\/pages\/531\/revisions"}],"predecessor-version":[{"id":542,"href":"https:\/\/www.tw\u00e4ng.com\/index.php?rest_route=\/wp\/v2\/pages\/531\/revisions\/542"}],"wp:attachment":[{"href":"https:\/\/www.tw\u00e4ng.com\/index.php?rest_route=%2Fwp%2Fv2%2Fmedia&parent=531"}],"curies":[{"name":"wp","href":"https:\/\/api.w.org\/{rel}","templated":true}]}}